{"id":387,"date":"2023-09-10T12:00:32","date_gmt":"2023-09-10T10:00:32","guid":{"rendered":"https:\/\/gilles-gautier.fr\/?page_id=387"},"modified":"2025-01-28T12:56:27","modified_gmt":"2025-01-28T11:56:27","slug":"actualites","status":"publish","type":"page","link":"https:\/\/gilles-gautier.fr\/?page_id=387","title":{"rendered":"Actualit\u00e9s"},"content":{"rendered":"\n<div class=\"wp-block-kenta-blocks-group kb-group-d6d46ad5 kb-group\"><div class=\"kb-group-inner-container\">\n<p class=\"has-text-align-center has-kenta-primary-color has-text-color has-link-color wp-elements-bb34fd5da155b958139547f963ef84d7\" style=\"margin-top:0;margin-bottom:0;font-style:normal;font-weight:700;text-transform:uppercase\"><\/p>\n<\/div><\/div>\n\n\n\n<div class=\"wp-block-kenta-blocks-slides kb-slides-fa5c50d6 kb-slides\"><button class=\"kb-slides-prev-arrow kb-slides-arrow\" id=\"kb-slides-prev-fa5c50d6\"><i class=\"fas fa-chevron-left\"><\/i><\/button><div class=\"kb-slides-inner-container\">\n<div class=\"wp-block-kenta-blocks-slide-item kb-slide-item-383bba14 kb-slide-item .tronquer-multiligne {  display: -webkit-box; -webkit-box-orient: vertical; -webkit-line-clamp: 8; overflow: hidden; }\"><div class=\"kb-slide-item-inner-container\">\n<div class=\"wp-block-group is-vertical is-content-justification-left is-nowrap is-layout-flex wp-container-core-group-is-layout-cfee1719 wp-block-group-is-layout-flex\"><div class=\"wp-block-post-date\"><time datetime=\"2023-09-10T12:00:32+02:00\">10 September 2023<\/time><\/div>\n\n\n<h2 class=\"wp-block-heading has-large-font-size\">EXPOSition Recycl\u2019Art &#8211; Messei (Orne)<\/h2>\n\n\n\n<div style=\"display: flex; justify-content: flex-end;\">\n  <a href=\"https:\/\/www.ouest-france.fr\" target=\"_blank\" title=\"Ouest-France\">\n    <img decoding=\"async\" src=\"https:\/\/upload.wikimedia.org\/wikipedia\/fr\/thumb\/7\/72\/Logo_Ouest-France.svg\/320px-Logo_Ouest-France.svg.png\" alt=\"Ouest-France\" style=\"width: 100px; height: auto;\">\n  <\/a>\n<\/div>\n<\/div>\n\n\n\n<hr class=\"wp-block-separator has-alpha-channel-opacity\"\/>\n\n\n<div class=\"wp-block-image\">\n<figure class=\"aligncenter size-full\"><img loading=\"lazy\" decoding=\"async\" width=\"630\" height=\"331\" src=\"https:\/\/gilles-gautier.fr\/wp-content\/uploads\/2025\/01\/MjAyMzA5Zjk1ZTY0YzRkNzUyZjA5MGY3YjI1YTYxMDI3NzBlZmQ.jpg\" alt=\"\" class=\"wp-image-399\" srcset=\"https:\/\/gilles-gautier.fr\/wp-content\/uploads\/2025\/01\/MjAyMzA5Zjk1ZTY0YzRkNzUyZjA5MGY3YjI1YTYxMDI3NzBlZmQ.jpg 630w, https:\/\/gilles-gautier.fr\/wp-content\/uploads\/2025\/01\/MjAyMzA5Zjk1ZTY0YzRkNzUyZjA5MGY3YjI1YTYxMDI3NzBlZmQ-300x158.jpg 300w, https:\/\/gilles-gautier.fr\/wp-content\/uploads\/2025\/01\/MjAyMzA5Zjk1ZTY0YzRkNzUyZjA5MGY3YjI1YTYxMDI3NzBlZmQ-508x267.jpg 508w\" sizes=\"auto, (max-width: 630px) 100vw, 630px\" \/><\/figure>\n<\/div>\n\n\n<p>Dimanche, l\u2019artiste sculpteur Gilles Gautier pr\u00e9sentera une dizaine de ses cr\u00e9ations, r\u00e9alis\u00e9es \u00e0 partir\n    d\u2019objet en m\u00e9tal de r\u00e9cup\u00e9ration. | OUEST-FRANCE<\/p>\n\n\n\n<hr class=\"wp-block-separator has-alpha-channel-opacity\"\/>\n\n\n\n<div class=\"news-item\"\n    style=\"border: 1px solid #ccc; padding: 15px; margin: 20px 0; border-radius: 8px; background-color: #f9f9f9;\">\n    <h3 style=\"margin: 0 0 10px; font-size: 1.5em; color: #333;\">\n        <a href=\"https:\/\/www.exemple.com\/article\" target=\"_blank\" style=\"text-decoration: none; color: #e63946;\"><\/a>\n    <\/h3>\n\n    <div class=\"tronquer-multiligne\">\n    <h2> La culture dans les poubelles<\/h2>\n\n    <p>La premi\u00e8re \u00e9dition, l\u2019ann\u00e9e derni\u00e8re, a attir\u00e9 environ 1 000 visiteurs, le Sirtom esp\u00e8re doubler la\n        fr\u00e9quentation. De 10 h \u00e0 18 h, la quarantaine d\u2019exposants \u00ab donnera des clefs aux visiteurs sur la r\u00e9duction des\n        d\u00e9chets par nos modes de consommation et nos mani\u00e8res de jeter \u00bb, souligne Anne Moreau, directrice g\u00e9n\u00e9rale des\n        services au Sirtom.\n    <\/p>\n\n    <p>Le groupe Passenaud, sp\u00e9cialis\u00e9 dans la gestion des d\u00e9chets professionnels, livrera ses astuces sur leur\n        valorisation. Le r\u00e9emploi est repr\u00e9sent\u00e9 avec l\u2019entreprise Plateau circulaire de Caen et sa vente de mat\u00e9riaux\n        de construction de seconde main, autour d\u2019un atelier de bricolage.\n    <\/p>\n\n    <p>\u00ab On \u00e9largit les exposants avec la culture qui est une porte d\u2019entr\u00e9e \u00e0 la question des d\u00e9chets \u00bb, indique Anne\n        Moreau. Le Sirtom a convi\u00e9 le jardinier Bertrand Souchon alias Bertrand le Jardinier, chroniqueur de Libert\u00e9 \u00e0\n        Caen. Il d\u00e9dicacera son dernier ouvrage Le jardin secret de Bertrand et livrera ses conseils de jardinage. Les\n        enfants construiront avec lui une miniserre, \u00e0 partir d\u2019une bouteille en plastique vide.\n    <\/p>\n\n    <p>Quatre artistes participent \u00e0 l\u2019exposition Recycl\u2019Art. Parmi eux, Gilles Gauthier, artiste plasticien et\n        sculpteur, dont les \u0153uvres se composent d\u2019objets de r\u00e9cup\u00e9ration en m\u00e9tal. Il partagera ce qu\u2019il appelle son\n        aventure cr\u00e9ative. \u00ab C\u2019est g\u00e9nial de voir ce que les \u0153uvres \u00e9voquent chez des gens de 5 \u00e0 90 ans \u00bb,\n        commente-t-il.\n    <\/p>\n<\/div>\n\n    \n\n    <div style=\"margin-top: 10%;\">\n        <a href=\"https:\/\/www.ouest-france.fr\/normandie\/conde-en-normandie-14110\/rendez-vous-autour-de-la-maitrise-des-dechets-a6d0add8-31bd-4328-b9c7-d807048e1bb0?fbclid=IwY2xjawIFhRxleHRuA2FlbQIxMAABHQDr0cfMXjuZKeZhWt0OEsUFBQFwB06QPYpFJ3GtnhxhUHClrwExws9GcA_aem_PwBjkU_rK3KK9saEPd-gYg\" target=\"_blank\"\n            style=\"color: #fff; background-color: #e63946; padding: 10px 15px; text-decoration: none; border-radius: 5px;\">\n            Lire l&#8217;article complet\n        <\/a>\n    <\/div>\n\n\n\n<\/div>\n\n <style>\n        .tronquer-multiligne {\n            display: -webkit-box;\n            -webkit-box-orient: vertical;\n            -webkit-line-clamp: 20;\n            overflow: hidden; \n        }\n    <\/style>\n<\/div><\/div>\n<\/div><button class=\"kb-slides-next-arrow kb-slides-arrow\" id=\"kb-slides-next-fa5c50d6\"><i class=\"fas fa-chevron-right\"><\/i><\/button><div class=\"kb-slides-dots\"><\/div><\/div>\n\n\n\n<p><\/p>\n","protected":false},"excerpt":{"rendered":"","protected":false},"author":1,"featured_media":0,"parent":0,"menu_order":0,"comment_status":"closed","ping_status":"closed","template":"","meta":{"footnotes":""},"class_list":["post-387","page","type-page","status-publish","hentry"],"_links":{"self":[{"href":"https:\/\/gilles-gautier.fr\/index.php?rest_route=\/wp\/v2\/pages\/387","targetHints":{"allow":["GET"]}}],"collection":[{"href":"https:\/\/gilles-gautier.fr\/index.php?rest_route=\/wp\/v2\/pages"}],"about":[{"href":"https:\/\/gilles-gautier.fr\/index.php?rest_route=\/wp\/v2\/types\/page"}],"author":[{"embeddable":true,"href":"https:\/\/gilles-gautier.fr\/index.php?rest_route=\/wp\/v2\/users\/1"}],"replies":[{"embeddable":true,"href":"https:\/\/gilles-gautier.fr\/index.php?rest_route=%2Fwp%2Fv2%2Fcomments&post=387"}],"version-history":[{"count":8,"href":"https:\/\/gilles-gautier.fr\/index.php?rest_route=\/wp\/v2\/pages\/387\/revisions"}],"predecessor-version":[{"id":403,"href":"https:\/\/gilles-gautier.fr\/index.php?rest_route=\/wp\/v2\/pages\/387\/revisions\/403"}],"wp:attachment":[{"href":"https:\/\/gilles-gautier.fr\/index.php?rest_route=%2Fwp%2Fv2%2Fmedia&parent=387"}],"curies":[{"name":"wp","href":"https:\/\/api.w.org\/{rel}","templated":true}]}}